{"id":23231,"date":"2023-12-26T17:00:17","date_gmt":"2023-12-26T22:00:17","guid":{"rendered":"http:\/\/localhost:8888\/site1\/?post_type=product&#038;p=23231"},"modified":"2025-03-04T12:31:57","modified_gmt":"2025-03-04T17:31:57","slug":"mango-liofilizado-12g-snack-personal","status":"publish","type":"product","link":"https:\/\/etnico.co\/en\/producto\/mango-liofilizado-12g-snack-personal\/","title":{"rendered":"Mango Liofilizado 12g Snack Personal"},"content":{"rendered":"<h2>Informaci\u00f3n del Producto<\/h2>\n<p><strong>Descripci\u00f3n:<\/strong> Mango liofilizado 12g, equivalente a una porci\u00f3n de mango fresco de<br \/>\n120g.<\/p>\n<p><strong>Ingredientes<\/strong>: Mango<\/p>\n<p><strong>Usos:<\/strong> Ideal para consumir como pasabocas, en cereales, con yogurt, infusiones<br \/>\ny ensaladas.<\/p>\n<p align=\"justify\">La liofilizaci\u00f3n es un proceso de deshidratado donde extraemos aproximadamente<br \/>\nel 97% del agua de la fruta a trav\u00e9s \u00a0de congelaci\u00f3n\u00a0 y \u00a0\u00a0vac\u00edo. Con esta t\u00e9cnica<br \/>\nlogramos conservar las propiedades nutricionales de la fruta fresca, as\u00ed como su<br \/>\nsabor, color, aroma y aspecto; adem\u00e1s, esta adquiere una textura crocante.<\/p>\n","protected":false},"excerpt":{"rendered":"<h1>Mango Liofilizado 12g<\/h1>\n<h3><strong>$3.800<\/strong><\/h3>\n<p>Costo de env\u00edo<\/p>\n<p>Valor: $9.000<\/p>\n<p>Aplica para cualquier destino a nivel nacional (1 a 5 d\u00edas h\u00e1biles)<\/p>\n","protected":false},"featured_media":23292,"comment_status":"closed","ping_status":"closed","template":"","meta":{"site-sidebar-layout":"default","site-content-layout":null,"ast-site-content-layout":"","site-content-style":"default","site-sidebar-style":"default","ast-global-header-display":"","ast-banner-title-visibility":"","ast-main-header-display":"","ast-hfb-above-header-display":null,"ast-hfb-below-header-display":null,"ast-hfb-mobile-header-display":"","site-post-title":"","ast-breadcrumbs-content":null,"ast-featured-img":"","footer-sml-layout":"","theme-transparent-header-meta":"","adv-header-id-meta":"","stick-header-meta":"","header-above-stick-meta":null,"header-main-stick-meta":"","header-below-stick-meta":null,"astra-migrate-meta-layouts":"default","ast-page-background-enabled":"default","ast-page-background-meta":{"desktop":{"background-color":"","background-image":"","background-repeat":"repeat","background-position":"center center","background-size":"auto","background-attachment":"scroll","background-type":"","background-media":"","overlay-type":"","overlay-color":"","overlay-gradient":""},"tablet":{"background-color":"","background-image":"","background-repeat":"repeat","background-position":"center center","background-size":"auto","background-attachment":"scroll","background-type":"","background-media":"","overlay-type":"","overlay-color":"","overlay-gradient":""},"mobile":{"background-color":"","background-image":"","background-repeat":"repeat","background-position":"center center","background-size":"auto","background-attachment":"scroll","background-type":"","background-media":"","overlay-type":"","overlay-color":"","overlay-gradient":""}},"ast-content-background-meta":{"desktop":{"background-color":"var(--ast-global-color-5)","background-image":"","background-repeat":"repeat","background-position":"center center","background-size":"auto","background-attachment":"scroll","background-type":"","background-media":"","overlay-type":"","overlay-color":"","overlay-gradient":""},"tablet":{"background-color":"var(--ast-global-color-5)","background-image":"","background-repeat":"repeat","background-position":"center center","background-size":"auto","background-attachment":"scroll","background-type":"","background-media":"","overlay-type":"","overlay-color":"","overlay-gradient":""},"mobile":{"background-color":"var(--ast-global-color-5)","background-image":"","background-repeat":"repeat","background-position":"center center","background-size":"auto","background-attachment":"scroll","background-type":"","background-media":"","overlay-type":"","overlay-color":"","overlay-gradient":""}},"_joinchat":[]},"product_cat":[40],"product_tag":[],"class_list":{"0":"post-23231","1":"product","2":"type-product","3":"status-publish","4":"has-post-thumbnail","6":"product_cat-liofilizada","7":"desktop-align-center","8":"tablet-align-center","9":"mobile-align-center","10":"ast-product-gallery-layout-horizontal","11":"ast-product-tabs-layout-horizontal","13":"first","14":"instock","15":"shipping-taxable","16":"purchasable","17":"product-type-simple"},"yoast_head":"<!-- This site is optimized with the Yoast SEO plugin v22.7 - https:\/\/yoast.com\/wordpress\/plugins\/seo\/ -->\n<title>Mango Liofilizado 12g Snack Personal - Etnico - Cosechamos bienestar<\/title>\n<meta name=\"robots\" content=\"index, follow, max-snippet:-1, max-image-preview:large, max-video-preview:-1\" \/>\n<link rel=\"canonical\" href=\"https:\/\/etnico.co\/producto\/mango-liofilizado-12g-snack-personal\/\" \/>\n<meta property=\"og:locale\" content=\"en_US\" \/>\n<meta property=\"og:type\" content=\"article\" \/>\n<meta property=\"og:title\" content=\"Mango Liofilizado 12g Snack Personal - Etnico - Cosechamos bienestar\" \/>\n<meta property=\"og:description\" content=\"Mango Liofilizado 12g $3.800 Costo de env\u00edo  Valor: $9.000  Aplica para cualquier destino a nivel nacional (1 a 5 d\u00edas h\u00e1biles)\" \/>\n<meta property=\"og:url\" content=\"https:\/\/etnico.co\/producto\/mango-liofilizado-12g-snack-personal\/\" \/>\n<meta property=\"og:site_name\" content=\"Etnico - Cosechamos bienestar\" \/>\n<meta property=\"article:modified_time\" content=\"2025-03-04T17:31:57+00:00\" \/>\n<meta property=\"og:image\" content=\"https:\/\/etnico.co\/wp-content\/uploads\/2023\/12\/mango-crocante-certificacion.jpg\" \/>\n\t<meta property=\"og:image:width\" content=\"1000\" \/>\n\t<meta property=\"og:image:height\" content=\"667\" \/>\n\t<meta property=\"og:image:type\" content=\"image\/jpeg\" \/>\n<meta name=\"twitter:card\" content=\"summary_large_image\" \/>\n<script type=\"application\/ld+json\" class=\"yoast-schema-graph\">{\"@context\":\"https:\/\/schema.org\",\"@graph\":[{\"@type\":\"WebPage\",\"@id\":\"https:\/\/etnico.co\/producto\/mango-liofilizado-12g-snack-personal\/\",\"url\":\"https:\/\/etnico.co\/producto\/mango-liofilizado-12g-snack-personal\/\",\"name\":\"Mango Liofilizado 12g Snack Personal - Etnico - Cosechamos bienestar\",\"isPartOf\":{\"@id\":\"https:\/\/etnico.co\/#website\"},\"primaryImageOfPage\":{\"@id\":\"https:\/\/etnico.co\/producto\/mango-liofilizado-12g-snack-personal\/#primaryimage\"},\"image\":{\"@id\":\"https:\/\/etnico.co\/producto\/mango-liofilizado-12g-snack-personal\/#primaryimage\"},\"thumbnailUrl\":\"https:\/\/etnico.co\/wp-content\/uploads\/2023\/12\/mango-crocante-certificacion.jpg\",\"datePublished\":\"2023-12-26T22:00:17+00:00\",\"dateModified\":\"2025-03-04T17:31:57+00:00\",\"breadcrumb\":{\"@id\":\"https:\/\/etnico.co\/producto\/mango-liofilizado-12g-snack-personal\/#breadcrumb\"},\"inLanguage\":\"en-US\",\"potentialAction\":[{\"@type\":\"ReadAction\",\"target\":[\"https:\/\/etnico.co\/producto\/mango-liofilizado-12g-snack-personal\/\"]}]},{\"@type\":\"ImageObject\",\"inLanguage\":\"en-US\",\"@id\":\"https:\/\/etnico.co\/producto\/mango-liofilizado-12g-snack-personal\/#primaryimage\",\"url\":\"https:\/\/etnico.co\/wp-content\/uploads\/2023\/12\/mango-crocante-certificacion.jpg\",\"contentUrl\":\"https:\/\/etnico.co\/wp-content\/uploads\/2023\/12\/mango-crocante-certificacion.jpg\",\"width\":1000,\"height\":667},{\"@type\":\"BreadcrumbList\",\"@id\":\"https:\/\/etnico.co\/producto\/mango-liofilizado-12g-snack-personal\/#breadcrumb\",\"itemListElement\":[{\"@type\":\"ListItem\",\"position\":1,\"name\":\"Portada\",\"item\":\"https:\/\/etnico.co\/\"},{\"@type\":\"ListItem\",\"position\":2,\"name\":\"Tienda\",\"item\":\"https:\/\/etnico.co\/tienda\/\"},{\"@type\":\"ListItem\",\"position\":3,\"name\":\"Mango Liofilizado 12g Snack Personal\"}]},{\"@type\":\"WebSite\",\"@id\":\"https:\/\/etnico.co\/#website\",\"url\":\"https:\/\/etnico.co\/\",\"name\":\"Etnico | Cosechamos bienestar | Exportamos frutas frescas\",\"description\":\"Exportamos una amplia variedad de frutas colombianas como Mango de az\u00facar, Uchuva, Gulupa, Granadilla, Pitahaya, Tomate de \u00c1rbol, Aguacate...\",\"publisher\":{\"@id\":\"https:\/\/etnico.co\/#organization\"},\"alternateName\":\"Etnico | Cosechamos bienestar | Exportamos frutas frescas\",\"potentialAction\":[{\"@type\":\"SearchAction\",\"target\":{\"@type\":\"EntryPoint\",\"urlTemplate\":\"https:\/\/etnico.co\/?s={search_term_string}\"},\"query-input\":\"required name=search_term_string\"}],\"inLanguage\":\"en-US\"},{\"@type\":\"Organization\",\"@id\":\"https:\/\/etnico.co\/#organization\",\"name\":\"\u00a1Queremos que consumas m\u00e1s frutas todos los d\u00edas! \ud83e\udd65\ud83c\udf4d Descubre nuestras opciones \ud83c\udf49\ud83e\udd6d #Snacks #Frutas #Saludable\",\"url\":\"https:\/\/etnico.co\/\",\"logo\":{\"@type\":\"ImageObject\",\"inLanguage\":\"en-US\",\"@id\":\"https:\/\/etnico.co\/#\/schema\/logo\/image\/\",\"url\":\"https:\/\/etnico.co\/wp-content\/uploads\/2024\/01\/cropped-Logo-reserva-280x280-1-1.png\",\"contentUrl\":\"https:\/\/etnico.co\/wp-content\/uploads\/2024\/01\/cropped-Logo-reserva-280x280-1-1.png\",\"width\":278,\"height\":278,\"caption\":\"\u00a1Queremos que consumas m\u00e1s frutas todos los d\u00edas! \ud83e\udd65\ud83c\udf4d Descubre nuestras opciones \ud83c\udf49\ud83e\udd6d #Snacks #Frutas #Saludable\"},\"image\":{\"@id\":\"https:\/\/etnico.co\/#\/schema\/logo\/image\/\"}}]}<\/script>\n<!-- \/ Yoast SEO plugin. -->","yoast_head_json":{"title":"Mango Liofilizado 12g Snack Personal - Etnico - Cosechamos bienestar","robots":{"index":"index","follow":"follow","max-snippet":"max-snippet:-1","max-image-preview":"max-image-preview:large","max-video-preview":"max-video-preview:-1"},"canonical":"https:\/\/etnico.co\/producto\/mango-liofilizado-12g-snack-personal\/","og_locale":"en_US","og_type":"article","og_title":"Mango Liofilizado 12g Snack Personal - Etnico - Cosechamos bienestar","og_description":"Mango Liofilizado 12g $3.800 Costo de env\u00edo  Valor: $9.000  Aplica para cualquier destino a nivel nacional (1 a 5 d\u00edas h\u00e1biles)","og_url":"https:\/\/etnico.co\/producto\/mango-liofilizado-12g-snack-personal\/","og_site_name":"Etnico - Cosechamos bienestar","article_modified_time":"2025-03-04T17:31:57+00:00","og_image":[{"width":1000,"height":667,"url":"https:\/\/etnico.co\/wp-content\/uploads\/2023\/12\/mango-crocante-certificacion.jpg","type":"image\/jpeg"}],"twitter_card":"summary_large_image","schema":{"@context":"https:\/\/schema.org","@graph":[{"@type":"WebPage","@id":"https:\/\/etnico.co\/producto\/mango-liofilizado-12g-snack-personal\/","url":"https:\/\/etnico.co\/producto\/mango-liofilizado-12g-snack-personal\/","name":"Mango Liofilizado 12g Snack Personal - Etnico - Cosechamos bienestar","isPartOf":{"@id":"https:\/\/etnico.co\/#website"},"primaryImageOfPage":{"@id":"https:\/\/etnico.co\/producto\/mango-liofilizado-12g-snack-personal\/#primaryimage"},"image":{"@id":"https:\/\/etnico.co\/producto\/mango-liofilizado-12g-snack-personal\/#primaryimage"},"thumbnailUrl":"https:\/\/etnico.co\/wp-content\/uploads\/2023\/12\/mango-crocante-certificacion.jpg","datePublished":"2023-12-26T22:00:17+00:00","dateModified":"2025-03-04T17:31:57+00:00","breadcrumb":{"@id":"https:\/\/etnico.co\/producto\/mango-liofilizado-12g-snack-personal\/#breadcrumb"},"inLanguage":"en-US","potentialAction":[{"@type":"ReadAction","target":["https:\/\/etnico.co\/producto\/mango-liofilizado-12g-snack-personal\/"]}]},{"@type":"ImageObject","inLanguage":"en-US","@id":"https:\/\/etnico.co\/producto\/mango-liofilizado-12g-snack-personal\/#primaryimage","url":"https:\/\/etnico.co\/wp-content\/uploads\/2023\/12\/mango-crocante-certificacion.jpg","contentUrl":"https:\/\/etnico.co\/wp-content\/uploads\/2023\/12\/mango-crocante-certificacion.jpg","width":1000,"height":667},{"@type":"BreadcrumbList","@id":"https:\/\/etnico.co\/producto\/mango-liofilizado-12g-snack-personal\/#breadcrumb","itemListElement":[{"@type":"ListItem","position":1,"name":"Portada","item":"https:\/\/etnico.co\/"},{"@type":"ListItem","position":2,"name":"Tienda","item":"https:\/\/etnico.co\/tienda\/"},{"@type":"ListItem","position":3,"name":"Mango Liofilizado 12g Snack Personal"}]},{"@type":"WebSite","@id":"https:\/\/etnico.co\/#website","url":"https:\/\/etnico.co\/","name":"Etnico | Cosechamos bienestar | Exportamos frutas frescas","description":"Exportamos una amplia variedad de frutas colombianas como Mango de az\u00facar, Uchuva, Gulupa, Granadilla, Pitahaya, Tomate de \u00c1rbol, Aguacate...","publisher":{"@id":"https:\/\/etnico.co\/#organization"},"alternateName":"Etnico | Cosechamos bienestar | Exportamos frutas frescas","potentialAction":[{"@type":"SearchAction","target":{"@type":"EntryPoint","urlTemplate":"https:\/\/etnico.co\/?s={search_term_string}"},"query-input":"required name=search_term_string"}],"inLanguage":"en-US"},{"@type":"Organization","@id":"https:\/\/etnico.co\/#organization","name":"\u00a1Queremos que consumas m\u00e1s frutas todos los d\u00edas! \ud83e\udd65\ud83c\udf4d Descubre nuestras opciones \ud83c\udf49\ud83e\udd6d #Snacks #Frutas #Saludable","url":"https:\/\/etnico.co\/","logo":{"@type":"ImageObject","inLanguage":"en-US","@id":"https:\/\/etnico.co\/#\/schema\/logo\/image\/","url":"https:\/\/etnico.co\/wp-content\/uploads\/2024\/01\/cropped-Logo-reserva-280x280-1-1.png","contentUrl":"https:\/\/etnico.co\/wp-content\/uploads\/2024\/01\/cropped-Logo-reserva-280x280-1-1.png","width":278,"height":278,"caption":"\u00a1Queremos que consumas m\u00e1s frutas todos los d\u00edas! \ud83e\udd65\ud83c\udf4d Descubre nuestras opciones \ud83c\udf49\ud83e\udd6d #Snacks #Frutas #Saludable"},"image":{"@id":"https:\/\/etnico.co\/#\/schema\/logo\/image\/"}}]}},"jetpack_sharing_enabled":true,"_links":{"self":[{"href":"https:\/\/etnico.co\/en\/wp-json\/wp\/v2\/product\/23231","targetHints":{"allow":["GET"]}}],"collection":[{"href":"https:\/\/etnico.co\/en\/wp-json\/wp\/v2\/product"}],"about":[{"href":"https:\/\/etnico.co\/en\/wp-json\/wp\/v2\/types\/product"}],"replies":[{"embeddable":true,"href":"https:\/\/etnico.co\/en\/wp-json\/wp\/v2\/comments?post=23231"}],"version-history":[{"count":1,"href":"https:\/\/etnico.co\/en\/wp-json\/wp\/v2\/product\/23231\/revisions"}],"predecessor-version":[{"id":26827,"href":"https:\/\/etnico.co\/en\/wp-json\/wp\/v2\/product\/23231\/revisions\/26827"}],"wp:featuredmedia":[{"embeddable":true,"href":"https:\/\/etnico.co\/en\/wp-json\/wp\/v2\/media\/23292"}],"wp:attachment":[{"href":"https:\/\/etnico.co\/en\/wp-json\/wp\/v2\/media?parent=23231"}],"wp:term":[{"taxonomy":"product_cat","embeddable":true,"href":"https:\/\/etnico.co\/en\/wp-json\/wp\/v2\/product_cat?post=23231"},{"taxonomy":"product_tag","embeddable":true,"href":"https:\/\/etnico.co\/en\/wp-json\/wp\/v2\/product_tag?post=23231"}],"curies":[{"name":"wp","href":"https:\/\/api.w.org\/{rel}","templated":true}]}}